{"id":83,"date":"2016-06-01T20:18:27","date_gmt":"2016-06-01T18:18:27","guid":{"rendered":"http:\/\/valkovce.sk\/?page_id=83"},"modified":"2016-06-01T20:22:35","modified_gmt":"2016-06-01T18:22:35","slug":"kultura-2","status":"publish","type":"page","link":"https:\/\/valkovce.sk\/?page_id=83","title":{"rendered":"Kult\u00fara"},"content":{"rendered":"<div id=\"pl-83\"  class=\"panel-layout\" ><div id=\"pg-83-0\"  class=\"panel-grid panel-no-style\" ><div id=\"pgc-83-0-0\"  class=\"panel-grid-cell\" ><div id=\"panel-83-0-0-0\" class=\"so-panel widget widget_sow-editor panel-first-child panel-last-child\" data-index=\"0\" ><div\n\t\t\t\n\t\t\tclass=\"so-widget-sow-editor so-widget-sow-editor-base\"\n\t\t\t\n\t\t>\n<div class=\"siteorigin-widget-tinymce textwidget\">\n\t<p style=\"text-align: justify;\"><span style=\"color: #000000;\"><strong>Kult\u00farny \u017eivot obyvate\u013eov<\/strong>\u00a0bol v minulosti spojen\u00fd s \u013eudov\u00fdmi sc\u00e9nami pri v\u00fdrobe \u013eanov\u00e9ho pl\u00e1tna, sl\u00e1venia sviatkov Rusa\u013ea a J\u00e1na, svadieb, ktor\u00e9 sa za\u010d\u00ednali v nede\u013eu po obede a kon\u010dili v utorok. Pred 2. svetovou vojnou v \u010dase Viano\u010dn\u00fdch sviatkov, koledn\u00edci spievali koledy pod oknami domov. Po 2. svetovej vojne chodili do domu s Betlehemskou hrou. Na \u0160tefana chodili palazn\u00edci.\u00a0<\/span><\/p>\n<p><span style=\"color: #000000;\"><strong>Obohatenie kult\u00farneho \u017eivota priniesla<\/strong>\u00a0pr\u00e1ca u\u010dite\u013eov a \u017eiakov, ktor\u00ed pripravovali r\u00f4zne kult\u00farne programy.\u00a0<\/span><\/p>\n<p><span style=\"color: #000000;\"><strong>V roku 1960 za\u010d\u00edna pracova\u0165 divadeln\u00fd kr\u00fa\u017eok<\/strong>\u00a0pod veden\u00edm riadite\u013ea \u0161koly Michala \u010cerve\u0148\u00e1ka. Nacvi\u010dila sa hra Stato\u010dn\u00fd valach. S hrou vyst\u00fapili 17. augusta 1960. V tomto roku v obci pracovalo aj Osvetov\u00e9 zariadenie, ktor\u00e9 dostalo premietac\u00ed apar\u00e1t OP-16. Premietali sa \u0161kolsk\u00e9 a celove\u010dern\u00e9 filmy. Do tohto \u010dasu \u013eudia videli film len 2-3 kr\u00e1t do roka z pojazdn\u00e9ho kina.\u00a0<\/span><\/p>\n<p><span style=\"color: #000000;\"><strong>V roku 1961 mal<\/strong>\u00a0divadeln\u00fd kr\u00fa\u017eok 6 \u010dlenov. Nacvi\u010dili od J. G. Tajovsk\u00e9ho \u017densk\u00fd z\u00e1kon. S touto hrou dvakr\u00e1t vyst\u00fapili v obci a raz v Radome. Osvetov\u00e9 zariadenie v spolupr\u00e1ci s \u010cSM v roku 1962 pripravilo divadeln\u00fa hru \u010ealek\u00e1 ozvena, s ktorou v obci dvakr\u00e1t vyst\u00fapili.\u00a0<\/span><\/p>\n<p><span style=\"color: #000000;\"><strong>V nasleduj\u00facom obdob\u00ed<\/strong>\u00a0sa kult\u00farna \u010dinnos\u0165 v obci zabezpe\u010dovala preva\u017ene prostredn\u00edctvom z\u00e1kladnej \u0161koly.\u00a0<\/span><\/p>\n<p><span style=\"color: #000000;\"><strong>Od apr\u00edla 1991<\/strong>\u00a0sa otvorila obecn\u00e1 kni\u017enica v priestoroch kult\u00farneho domu. V tomto roku v obci nieko\u013ekokr\u00e1t vyst\u00fapilo DAD a PU\u013dS z Pre\u0161ova. Obec Valkovce na pozvanie v roku 1993 nav\u0161t\u00edvil folkl\u00f3rny s\u00fabor Makovica zo Svidn\u00edka.\u00a0<\/span><\/p>\n<p><span style=\"color: #000000;\"><strong>Ka\u017ed\u00fd rok sa v obci kon\u00e1<\/strong>\u00a0divadeln\u00e9 predstavenie, kde sa svojimi hrami predstavuje DAD Pre\u0161ov, s ktor\u00fdmi m\u00e1 obec dobr\u00fa spolupr\u00e1cu.\u00a0<\/span><\/p>\n<\/div>\n<\/div><\/div><\/div><\/div><\/div>","protected":false},"excerpt":{"rendered":"<p>Kult\u00farny \u017eivot obyvate\u013eov\u00a0bol v minulosti spojen\u00fd s \u013eudov\u00fdmi sc\u00e9nami pri v\u00fdrobe \u013eanov\u00e9ho pl\u00e1tna, sl\u00e1venia sviatkov Rusa\u013ea a J\u00e1na, svadieb, ktor\u00e9 sa za\u010d\u00ednali v nede\u013eu po obede a kon\u010dili v utorok. Pred 2. svetovou vojnou v \u010dase Viano\u010dn\u00fdch sviatkov, koledn\u00edci spievali koledy pod oknami domov. Po 2. svetovej vojne chodili do domu s Betlehemskou hrou. Na<\/p>\n<p><a href=\"https:\/\/valkovce.sk\/?page_id=83\" class=\"more-link themebutton\">Read More<\/a><\/p>\n","protected":false},"author":1,"featured_media":0,"parent":0,"menu_order":0,"comment_status":"closed","ping_status":"closed","template":"","meta":{"ngg_post_thumbnail":0,"footnotes":""},"class_list":["post-83","page","type-page","status-publish","hentry"],"_links":{"self":[{"href":"https:\/\/valkovce.sk\/index.php?rest_route=\/wp\/v2\/pages\/83","targetHints":{"allow":["GET"]}}],"collection":[{"href":"https:\/\/valkovce.sk\/index.php?rest_route=\/wp\/v2\/pages"}],"about":[{"href":"https:\/\/valkovce.sk\/index.php?rest_route=\/wp\/v2\/types\/page"}],"author":[{"embeddable":true,"href":"https:\/\/valkovce.sk\/index.php?rest_route=\/wp\/v2\/users\/1"}],"replies":[{"embeddable":true,"href":"https:\/\/valkovce.sk\/index.php?rest_route=%2Fwp%2Fv2%2Fcomments&post=83"}],"version-history":[{"count":2,"href":"https:\/\/valkovce.sk\/index.php?rest_route=\/wp\/v2\/pages\/83\/revisions"}],"predecessor-version":[{"id":87,"href":"https:\/\/valkovce.sk\/index.php?rest_route=\/wp\/v2\/pages\/83\/revisions\/87"}],"wp:attachment":[{"href":"https:\/\/valkovce.sk\/index.php?rest_route=%2Fwp%2Fv2%2Fmedia&parent=83"}],"curies":[{"name":"wp","href":"https:\/\/api.w.org\/{rel}","templated":true}]}}