{"id":67,"date":"2016-06-01T18:43:42","date_gmt":"2016-06-01T16:43:42","guid":{"rendered":"http:\/\/valkovce.sk\/?page_id=67"},"modified":"2021-11-22T19:36:24","modified_gmt":"2021-11-22T17:36:24","slug":"fotogaleria","status":"publish","type":"page","link":"https:\/\/valkovce.sk\/?page_id=67","title":{"rendered":"Fotogal\u00e9ria"},"content":{"rendered":"<div id=\"pl-67\"  class=\"panel-layout\" ><div id=\"pg-67-0\"  class=\"panel-grid panel-no-style\" ><div id=\"pgc-67-0-0\"  class=\"panel-grid-cell\" ><div id=\"panel-67-0-0-0\" class=\"so-panel widget widget_sow-image panel-first-child panel-last-child\" data-index=\"0\" ><div\n\t\t\t\n\t\t\tclass=\"so-widget-sow-image so-widget-sow-image-default-8b5b6f678277-67\"\n\t\t\t\n\t\t><h3 class=\"widget-title\">Kult\u00farne podujatia<\/h3>\n<div class=\"sow-image-container\">\n\t\t\t<a href=\"https:\/\/valkovce.sk\/?page_id=222\"\n\t\t\t\t\t>\n\t\t\t<img \n\tsrc=\"https:\/\/valkovce.sk\/wp-content\/uploads\/2016\/06\/61-1-300x225.jpg\" width=\"300\" height=\"225\" srcset=\"https:\/\/valkovce.sk\/wp-content\/uploads\/2016\/06\/61-1-300x225.jpg 300w, https:\/\/valkovce.sk\/wp-content\/uploads\/2016\/06\/61-1-320x240.jpg 320w, https:\/\/valkovce.sk\/wp-content\/uploads\/2016\/06\/61-1-240x180.jpg 240w, https:\/\/valkovce.sk\/wp-content\/uploads\/2016\/06\/61-1.jpg 400w\" sizes=\"(max-width: 300px) 100vw, 300px\" title=\"Kult\u00farne podujatia\" alt=\"\" \t\tclass=\"so-widget-image\"\/>\n\t\t\t<\/a><\/div>\n\n<\/div><\/div><\/div><div id=\"pgc-67-0-1\"  class=\"panel-grid-cell\" ><div id=\"panel-67-0-1-0\" class=\"so-panel widget widget_sow-image panel-first-child panel-last-child\" data-index=\"1\" ><div\n\t\t\t\n\t\t\tclass=\"so-widget-sow-image so-widget-sow-image-default-8b5b6f678277-67\"\n\t\t\t\n\t\t><h3 class=\"widget-title\">M\u0160 Valkovce<\/h3>\n<div class=\"sow-image-container\">\n\t\t\t<a href=\"https:\/\/valkovce.sk\/?page_id=245\"\n\t\t\t\t\t>\n\t\t\t<img \n\tsrc=\"https:\/\/valkovce.sk\/wp-content\/uploads\/2016\/06\/4-1-300x207.jpg\" width=\"300\" height=\"207\" srcset=\"https:\/\/valkovce.sk\/wp-content\/uploads\/2016\/06\/4-1-300x207.jpg 300w, https:\/\/valkovce.sk\/wp-content\/uploads\/2016\/06\/4-1.jpg 434w\" sizes=\"(max-width: 300px) 100vw, 300px\" title=\"M\u0160 Valkovce\" alt=\"\" \t\tclass=\"so-widget-image\"\/>\n\t\t\t<\/a><\/div>\n\n<\/div><\/div><\/div><div id=\"pgc-67-0-2\"  class=\"panel-grid-cell\" ><div id=\"panel-67-0-2-0\" class=\"so-panel widget widget_sow-image panel-first-child panel-last-child\" data-index=\"2\" ><div\n\t\t\t\n\t\t\tclass=\"so-widget-sow-image so-widget-sow-image-default-8b5b6f678277-67\"\n\t\t\t\n\t\t><h3 class=\"widget-title\">Povodne 2010<\/h3>\n<div class=\"sow-image-container\">\n\t\t\t<a href=\"https:\/\/valkovce.sk\/?page_id=277\"\n\t\t\t\t\t>\n\t\t\t<img \n\tsrc=\"https:\/\/valkovce.sk\/wp-content\/uploads\/2016\/06\/26-300x205.jpg\" width=\"300\" height=\"205\" srcset=\"https:\/\/valkovce.sk\/wp-content\/uploads\/2016\/06\/26-300x205.jpg 300w, https:\/\/valkovce.sk\/wp-content\/uploads\/2016\/06\/26.jpg 440w\" sizes=\"(max-width: 300px) 100vw, 300px\" title=\"Povodne 2010\" alt=\"\" \t\tclass=\"so-widget-image\"\/>\n\t\t\t<\/a><\/div>\n\n<\/div><\/div><\/div><\/div><div id=\"pg-67-1\"  class=\"panel-grid panel-no-style\" ><div id=\"pgc-67-1-0\"  class=\"panel-grid-cell\" ><div id=\"panel-67-1-0-0\" class=\"so-panel widget widget_sow-image panel-first-child panel-last-child\" data-index=\"3\" ><div\n\t\t\t\n\t\t\tclass=\"so-widget-sow-image so-widget-sow-image-default-8b5b6f678277-67\"\n\t\t\t\n\t\t><h3 class=\"widget-title\">Pr\u00edstavba domu sm\u00fatku a rekon\u0161trukcia Oc\u00da<\/h3>\n<div class=\"sow-image-container\">\n\t\t\t<a href=\"https:\/\/valkovce.sk\/?page_id=283\"\n\t\t\t\t\t>\n\t\t\t<img \n\tsrc=\"https:\/\/valkovce.sk\/wp-content\/uploads\/2016\/06\/19-300x209.jpg\" width=\"300\" height=\"209\" srcset=\"https:\/\/valkovce.sk\/wp-content\/uploads\/2016\/06\/19-300x209.jpg 300w, https:\/\/valkovce.sk\/wp-content\/uploads\/2016\/06\/19.jpg 430w\" sizes=\"(max-width: 300px) 100vw, 300px\" title=\"Pr\u00edstavba domu sm\u00fatku a rekon\u0161trukcia Oc\u00da\" alt=\"\" \t\tclass=\"so-widget-image\"\/>\n\t\t\t<\/a><\/div>\n\n<\/div><\/div><\/div><div id=\"pgc-67-1-1\"  class=\"panel-grid-cell\" ><div id=\"panel-67-1-1-0\" class=\"so-panel widget widget_sow-image panel-first-child panel-last-child\" data-index=\"4\" ><div\n\t\t\t\n\t\t\tclass=\"so-widget-sow-image so-widget-sow-image-default-8b5b6f678277-67\"\n\t\t\t\n\t\t><h3 class=\"widget-title\">\u0160portov\u00e9 podujatia<\/h3>\n<div class=\"sow-image-container\">\n\t\t\t<a href=\"https:\/\/valkovce.sk\/?page_id=309\"\n\t\t\t\t\t>\n\t\t\t<img \n\tsrc=\"https:\/\/valkovce.sk\/wp-content\/uploads\/2016\/06\/DSC_0516-300x215.jpg\" width=\"300\" height=\"215\" srcset=\"https:\/\/valkovce.sk\/wp-content\/uploads\/2016\/06\/DSC_0516-300x215.jpg 300w, https:\/\/valkovce.sk\/wp-content\/uploads\/2016\/06\/DSC_0516.jpg 418w\" sizes=\"(max-width: 300px) 100vw, 300px\" title=\"\u0160portov\u00e9 podujatia\" alt=\"\" \t\tclass=\"so-widget-image\"\/>\n\t\t\t<\/a><\/div>\n\n<\/div><\/div><\/div><div id=\"pgc-67-1-2\"  class=\"panel-grid-cell\" ><div id=\"panel-67-1-2-0\" class=\"so-panel widget widget_sow-image panel-first-child panel-last-child\" data-index=\"5\" ><div\n\t\t\t\n\t\t\tclass=\"so-widget-sow-image so-widget-sow-image-default-8b5b6f678277-67\"\n\t\t\t\n\t\t><h3 class=\"widget-title\">Valkovce kedysi a dnes<\/h3>\n<div class=\"sow-image-container\">\n\t\t\t<a href=\"https:\/\/valkovce.sk\/?page_id=391\"\n\t\t\t\t\t>\n\t\t\t<img \n\tsrc=\"https:\/\/valkovce.sk\/wp-content\/uploads\/2016\/06\/06122008_001-300x225.jpg\" width=\"300\" height=\"225\" srcset=\"https:\/\/valkovce.sk\/wp-content\/uploads\/2016\/06\/06122008_001-300x225.jpg 300w, https:\/\/valkovce.sk\/wp-content\/uploads\/2016\/06\/06122008_001-320x240.jpg 320w, https:\/\/valkovce.sk\/wp-content\/uploads\/2016\/06\/06122008_001-240x180.jpg 240w, https:\/\/valkovce.sk\/wp-content\/uploads\/2016\/06\/06122008_001.jpg 400w\" sizes=\"(max-width: 300px) 100vw, 300px\" title=\"Valkovce kedysi a dnes\" alt=\"\" \t\tclass=\"so-widget-image\"\/>\n\t\t\t<\/a><\/div>\n\n<\/div><\/div><\/div><\/div><div id=\"pg-67-2\"  class=\"panel-grid panel-no-style\" ><div id=\"pgc-67-2-0\"  class=\"panel-grid-cell\" ><div id=\"panel-67-2-0-0\" class=\"so-panel widget widget_sow-image panel-first-child panel-last-child\" data-index=\"6\" ><div\n\t\t\t\n\t\t\tclass=\"so-widget-sow-image so-widget-sow-image-default-8b5b6f678277-67\"\n\t\t\t\n\t\t><h3 class=\"widget-title\">V\u00fdstavba mostu a rekon\u0161trukcia cestnej komunik\u00e1cie<\/h3>\n<div class=\"sow-image-container\">\n\t\t\t<a href=\"https:\/\/valkovce.sk\/?page_id=445\"\n\t\t\t\t\t>\n\t\t\t<img \n\tsrc=\"https:\/\/valkovce.sk\/wp-content\/uploads\/2016\/06\/66-300x213.jpg\" width=\"300\" height=\"213\" srcset=\"https:\/\/valkovce.sk\/wp-content\/uploads\/2016\/06\/66-300x213.jpg 300w, https:\/\/valkovce.sk\/wp-content\/uploads\/2016\/06\/66.jpg 422w\" sizes=\"(max-width: 300px) 100vw, 300px\" title=\"V\u00fdstavba mostu a rekon\u0161trukcia cestnej komunik\u00e1cie\" alt=\"\" \t\tclass=\"so-widget-image\"\/>\n\t\t\t<\/a><\/div>\n\n<\/div><\/div><\/div><div id=\"pgc-67-2-1\"  class=\"panel-grid-cell\" ><div id=\"panel-67-2-1-0\" class=\"so-panel widget widget_sow-image panel-first-child panel-last-child\" data-index=\"7\" ><div\n\t\t\t\n\t\t\tclass=\"so-widget-sow-image so-widget-sow-image-default-8b5b6f678277-67\"\n\t\t\t\n\t\t><h3 class=\"widget-title\">V\u00fdstavba multifunk\u010dn\u00e9ho ihriska<\/h3>\n<div class=\"sow-image-container\">\n\t\t\t<a href=\"https:\/\/valkovce.sk\/?page_id=477\"\n\t\t\t\t\t>\n\t\t\t<img \n\tsrc=\"https:\/\/valkovce.sk\/wp-content\/uploads\/2016\/06\/30-300x207.jpg\" width=\"300\" height=\"207\" srcset=\"https:\/\/valkovce.sk\/wp-content\/uploads\/2016\/06\/30-300x207.jpg 300w, https:\/\/valkovce.sk\/wp-content\/uploads\/2016\/06\/30.jpg 434w\" sizes=\"(max-width: 300px) 100vw, 300px\" title=\"V\u00fdstavba multifunk\u010dn\u00e9ho ihriska\" alt=\"\" \t\tclass=\"so-widget-image\"\/>\n\t\t\t<\/a><\/div>\n\n<\/div><\/div><\/div><div id=\"pgc-67-2-2\"  class=\"panel-grid-cell\" ><div id=\"panel-67-2-2-0\" class=\"so-panel widget widget_sow-image panel-first-child panel-last-child\" data-index=\"8\" ><div\n\t\t\t\n\t\t\tclass=\"so-widget-sow-image so-widget-sow-image-default-8b5b6f678277-67\"\n\t\t\t\n\t\t><h3 class=\"widget-title\">V\u00fdstavba vodojemu<\/h3>\n<div class=\"sow-image-container\">\n\t\t\t<a href=\"https:\/\/valkovce.sk\/?page_id=513\"\n\t\t\t\t\t>\n\t\t\t<img \n\tsrc=\"https:\/\/valkovce.sk\/wp-content\/uploads\/2016\/06\/8-300x207.jpg\" width=\"300\" height=\"207\" srcset=\"https:\/\/valkovce.sk\/wp-content\/uploads\/2016\/06\/8-300x207.jpg 300w, https:\/\/valkovce.sk\/wp-content\/uploads\/2016\/06\/8.jpg 434w\" sizes=\"(max-width: 300px) 100vw, 300px\" title=\"V\u00fdstavba vodojemu\" alt=\"\" \t\tclass=\"so-widget-image\"\/>\n\t\t\t<\/a><\/div>\n\n<\/div><\/div><\/div><\/div><div id=\"pg-67-3\"  class=\"panel-grid panel-no-style\" ><div id=\"pgc-67-3-0\"  class=\"panel-grid-cell\" ><div id=\"panel-67-3-0-0\" class=\"so-panel widget widget_sow-image panel-first-child panel-last-child\" data-index=\"9\" ><div\n\t\t\t\n\t\t\tclass=\"so-widget-sow-image so-widget-sow-image-default-8b5b6f678277-67\"\n\t\t\t\n\t\t><h3 class=\"widget-title\">Vysviacka chr\u00e1mu<\/h3>\n<div class=\"sow-image-container\">\n\t\t\t<a href=\"https:\/\/valkovce.sk\/?page_id=529\"\n\t\t\t\t\t>\n\t\t\t<img \n\tsrc=\"https:\/\/valkovce.sk\/wp-content\/uploads\/2016\/06\/55-300x200.jpg\" width=\"300\" height=\"200\" srcset=\"https:\/\/valkovce.sk\/wp-content\/uploads\/2016\/06\/55-300x200.jpg 300w, https:\/\/valkovce.sk\/wp-content\/uploads\/2016\/06\/55-320x213.jpg 320w, https:\/\/valkovce.sk\/wp-content\/uploads\/2016\/06\/55-240x160.jpg 240w, https:\/\/valkovce.sk\/wp-content\/uploads\/2016\/06\/55-272x182.jpg 272w, https:\/\/valkovce.sk\/wp-content\/uploads\/2016\/06\/55.jpg 449w\" sizes=\"(max-width: 300px) 100vw, 300px\" title=\"Vysviacka chr\u00e1mu\" alt=\"\" \t\tclass=\"so-widget-image\"\/>\n\t\t\t<\/a><\/div>\n\n<\/div><\/div><\/div><div id=\"pgc-67-3-1\"  class=\"panel-grid-cell panel-grid-cell-empty panel-grid-cell-mobile-last\" ><\/div><div id=\"pgc-67-3-2\"  class=\"panel-grid-cell panel-grid-cell-empty\" ><\/div><\/div><\/div>","protected":false},"excerpt":{"rendered":"<p>Kult\u00farne podujatia M\u0160 Valkovce Povodne 2010 Pr\u00edstavba domu sm\u00fatku a rekon\u0161trukcia Oc\u00da \u0160portov\u00e9 podujatia Valkovce kedysi a dnes V\u00fdstavba mostu a rekon\u0161trukcia cestnej komunik\u00e1cie V\u00fdstavba multifunk\u010dn\u00e9ho ihriska V\u00fdstavba vodojemu Vysviacka chr\u00e1mu<\/p>\n","protected":false},"author":1,"featured_media":0,"parent":0,"menu_order":0,"comment_status":"closed","ping_status":"closed","template":"","meta":{"ngg_post_thumbnail":0,"footnotes":""},"class_list":["post-67","page","type-page","status-publish","hentry"],"_links":{"self":[{"href":"https:\/\/valkovce.sk\/index.php?rest_route=\/wp\/v2\/pages\/67","targetHints":{"allow":["GET"]}}],"collection":[{"href":"https:\/\/valkovce.sk\/index.php?rest_route=\/wp\/v2\/pages"}],"about":[{"href":"https:\/\/valkovce.sk\/index.php?rest_route=\/wp\/v2\/types\/page"}],"author":[{"embeddable":true,"href":"https:\/\/valkovce.sk\/index.php?rest_route=\/wp\/v2\/users\/1"}],"replies":[{"embeddable":true,"href":"https:\/\/valkovce.sk\/index.php?rest_route=%2Fwp%2Fv2%2Fcomments&post=67"}],"version-history":[{"count":2,"href":"https:\/\/valkovce.sk\/index.php?rest_route=\/wp\/v2\/pages\/67\/revisions"}],"predecessor-version":[{"id":227,"href":"https:\/\/valkovce.sk\/index.php?rest_route=\/wp\/v2\/pages\/67\/revisions\/227"}],"wp:attachment":[{"href":"https:\/\/valkovce.sk\/index.php?rest_route=%2Fwp%2Fv2%2Fmedia&parent=67"}],"curies":[{"name":"wp","href":"https:\/\/api.w.org\/{rel}","templated":true}]}}