{"id":48,"date":"2016-06-01T18:35:39","date_gmt":"2016-06-01T16:35:39","guid":{"rendered":"http:\/\/valkovce.sk\/?page_id=48"},"modified":"2023-06-13T17:44:54","modified_gmt":"2023-06-13T15:44:54","slug":"uznesenia-obz","status":"publish","type":"page","link":"https:\/\/valkovce.sk\/?page_id=48","title":{"rendered":"Uznesenia ObZ"},"content":{"rendered":"<div id=\"pl-gb48-69f1d2ce62dfc\"  class=\"panel-layout\" ><div id=\"pg-gb48-69f1d2ce62dfc-0\"  class=\"panel-grid panel-no-style\" ><div id=\"pgc-gb48-69f1d2ce62dfc-0-0\"  class=\"panel-grid-cell\" ><div id=\"panel-gb48-69f1d2ce62dfc-0-0-0\" class=\"so-panel widget widget_text panel-first-child panel-last-child\" data-index=\"0\" >\t\t\t<div class=\"textwidget\"><p><em><strong>Uznesenia obecn\u00e9ho zastupite\u013estva z roku 2020:<\/strong><\/em><\/p>\n<p><a href=\"https:\/\/valkovce.sk\/wp-content\/uploads\/2023\/06\/uznesenie-marec-2020.pdf\">uznesenie marec 2020<\/a><\/p>\n<p><a href=\"https:\/\/valkovce.sk\/wp-content\/uploads\/2023\/06\/uznesenie-jun-2020.pdf\">uznesenie j\u00fan 2020<\/a><\/p>\n<p><a href=\"https:\/\/valkovce.sk\/wp-content\/uploads\/2023\/06\/uznesenie-september-2020.pdf\">uznesenie september 2020<\/a><\/p>\n<p><a href=\"https:\/\/valkovce.sk\/wp-content\/uploads\/2023\/06\/uznesenie-december-2020.pdf\">uznesenie december 2020<\/a><\/p>\n<\/div>\n\t\t<\/div><\/div><\/div><\/div>","protected":false},"excerpt":{"rendered":"<p>Uznesenia obecn\u00e9ho zastupite\u013estva z roku 2020: uznesenie marec 2020 uznesenie j\u00fan 2020 uznesenie september 2020 uznesenie december 2020<\/p>\n","protected":false},"author":1,"featured_media":0,"parent":0,"menu_order":0,"comment_status":"closed","ping_status":"closed","template":"","meta":{"ngg_post_thumbnail":0,"footnotes":""},"class_list":["post-48","page","type-page","status-publish","hentry"],"_links":{"self":[{"href":"https:\/\/valkovce.sk\/index.php?rest_route=\/wp\/v2\/pages\/48","targetHints":{"allow":["GET"]}}],"collection":[{"href":"https:\/\/valkovce.sk\/index.php?rest_route=\/wp\/v2\/pages"}],"about":[{"href":"https:\/\/valkovce.sk\/index.php?rest_route=\/wp\/v2\/types\/page"}],"author":[{"embeddable":true,"href":"https:\/\/valkovce.sk\/index.php?rest_route=\/wp\/v2\/users\/1"}],"replies":[{"embeddable":true,"href":"https:\/\/valkovce.sk\/index.php?rest_route=%2Fwp%2Fv2%2Fcomments&post=48"}],"version-history":[{"count":3,"href":"https:\/\/valkovce.sk\/index.php?rest_route=\/wp\/v2\/pages\/48\/revisions"}],"predecessor-version":[{"id":656,"href":"https:\/\/valkovce.sk\/index.php?rest_route=\/wp\/v2\/pages\/48\/revisions\/656"}],"wp:attachment":[{"href":"https:\/\/valkovce.sk\/index.php?rest_route=%2Fwp%2Fv2%2Fmedia&parent=48"}],"curies":[{"name":"wp","href":"https:\/\/api.w.org\/{rel}","templated":true}]}}