{"id":46,"date":"2016-06-01T18:35:17","date_gmt":"2016-06-01T16:35:17","guid":{"rendered":"http:\/\/valkovce.sk\/?page_id=46"},"modified":"2023-07-27T11:45:29","modified_gmt":"2023-07-27T09:45:29","slug":"rozpocet-obce","status":"publish","type":"page","link":"https:\/\/valkovce.sk\/?page_id=46","title":{"rendered":"Inform\u00e1cie"},"content":{"rendered":"<div id=\"pl-gb46-69ef31dfb103b\"  class=\"panel-layout\" ><div id=\"pg-gb46-69ef31dfb103b-0\"  class=\"panel-grid panel-no-style\" ><div id=\"pgc-gb46-69ef31dfb103b-0-0\"  class=\"panel-grid-cell\" ><div id=\"panel-gb46-69ef31dfb103b-0-0-0\" class=\"so-panel widget widget_sow-editor panel-first-child panel-last-child\" data-index=\"0\" ><div\n\t\t\t\n\t\t\tclass=\"so-widget-sow-editor so-widget-sow-editor-base\"\n\t\t\t\n\t\t>\n<div class=\"siteorigin-widget-tinymce textwidget\">\n\t<ul>\n<li><a href=\"\/Inform\u00e1cie\/Miestne dane.pdf\" target=\"_blank\" rel=\"noopener\">Miestne dane<\/a><\/li>\n<li><a href=\"\/Inform\u00e1cie\/Rozpo\u010det-2019.pdf\" target=\"_blank\" rel=\"noopener\">Rozpo\u010det 2019<\/a><\/li>\n<li><a href=\"\/Inform\u00e1cie\/\u010derpanie rozpo\u010dtu2018.pdf\" target=\"_blank\" rel=\"noopener\">\u010cerpanie rozpo\u010dtu 2018<\/a><\/li>\n<li><a href=\"\/Inform\u00e1cie\/Rozpo\u010det obce -2018.pdf\" target=\"_blank\" rel=\"noopener\">Rozpo\u010det 2018<\/a><\/li>\n<li><a href=\"\/Inform\u00e1cie\/Spr\u00e1va K\u010c -2018.pdf\" target=\"_blank\" rel=\"noopener\">Spr\u00e1va K\u010c 2018<\/a><\/li>\n<li><a href=\"\/Inform\u00e1cie\/Spr\u00e1va K\u010c -2017.pdf\" target=\"_blank\" rel=\"noopener\">Spr\u00e1va K\u010c 2017<\/a><\/li>\n<\/ul>\n<\/div>\n<\/div><\/div><\/div><\/div><\/div>\n\n\n<figure class=\"wp-block-image size-large\"><img loading=\"lazy\" decoding=\"async\" width=\"1024\" height=\"723\" src=\"https:\/\/valkovce.sk\/wp-content\/uploads\/2023\/07\/plagat_valkovce-1024x723.jpg\" alt=\"\" class=\"wp-image-658\" srcset=\"https:\/\/valkovce.sk\/wp-content\/uploads\/2023\/07\/plagat_valkovce-1024x723.jpg 1024w, https:\/\/valkovce.sk\/wp-content\/uploads\/2023\/07\/plagat_valkovce-300x212.jpg 300w, https:\/\/valkovce.sk\/wp-content\/uploads\/2023\/07\/plagat_valkovce-768x543.jpg 768w, https:\/\/valkovce.sk\/wp-content\/uploads\/2023\/07\/plagat_valkovce-1536x1085.jpg 1536w, https:\/\/valkovce.sk\/wp-content\/uploads\/2023\/07\/plagat_valkovce.jpg 2000w\" sizes=\"auto, (max-width: 1024px) 100vw, 1024px\" \/><\/figure>\n","protected":false},"excerpt":{"rendered":"<p>Miestne dane Rozpo\u010det 2019 \u010cerpanie rozpo\u010dtu 2018 Rozpo\u010det 2018 Spr\u00e1va K\u010c 2018 Spr\u00e1va K\u010c 2017<\/p>\n","protected":false},"author":1,"featured_media":0,"parent":0,"menu_order":0,"comment_status":"closed","ping_status":"closed","template":"","meta":{"ngg_post_thumbnail":0,"footnotes":""},"class_list":["post-46","page","type-page","status-publish","hentry"],"_links":{"self":[{"href":"https:\/\/valkovce.sk\/index.php?rest_route=\/wp\/v2\/pages\/46","targetHints":{"allow":["GET"]}}],"collection":[{"href":"https:\/\/valkovce.sk\/index.php?rest_route=\/wp\/v2\/pages"}],"about":[{"href":"https:\/\/valkovce.sk\/index.php?rest_route=\/wp\/v2\/types\/page"}],"author":[{"embeddable":true,"href":"https:\/\/valkovce.sk\/index.php?rest_route=\/wp\/v2\/users\/1"}],"replies":[{"embeddable":true,"href":"https:\/\/valkovce.sk\/index.php?rest_route=%2Fwp%2Fv2%2Fcomments&post=46"}],"version-history":[{"count":8,"href":"https:\/\/valkovce.sk\/index.php?rest_route=\/wp\/v2\/pages\/46\/revisions"}],"predecessor-version":[{"id":660,"href":"https:\/\/valkovce.sk\/index.php?rest_route=\/wp\/v2\/pages\/46\/revisions\/660"}],"wp:attachment":[{"href":"https:\/\/valkovce.sk\/index.php?rest_route=%2Fwp%2Fv2%2Fmedia&parent=46"}],"curies":[{"name":"wp","href":"https:\/\/api.w.org\/{rel}","templated":true}]}}