{"id":44,"date":"2016-06-01T18:34:58","date_gmt":"2016-06-01T16:34:58","guid":{"rendered":"http:\/\/valkovce.sk\/?page_id=44"},"modified":"2020-09-21T08:42:38","modified_gmt":"2020-09-21T06:42:38","slug":"vzn","status":"publish","type":"page","link":"https:\/\/valkovce.sk\/?page_id=44","title":{"rendered":"VZN"},"content":{"rendered":"<div id=\"pl-44\"  class=\"panel-layout\" ><div id=\"pg-44-0\"  class=\"panel-grid panel-no-style\" ><div id=\"pgc-44-0-0\"  class=\"panel-grid-cell\" ><div id=\"panel-44-0-0-0\" class=\"so-panel widget widget_sow-editor panel-first-child panel-last-child\" data-index=\"0\" ><div\n\t\t\t\n\t\t\tclass=\"so-widget-sow-editor so-widget-sow-editor-base\"\n\t\t\t\n\t\t>\n<div class=\"siteorigin-widget-tinymce textwidget\">\n\t<p><a href=\"\/Inform\u00e1cie\/VZN Prev\u00e1dzkov\u00fd poriadok pohrebiska Valkovce rok 2020.docx\" target=\"_blank\" rel=\"noopener noreferrer\">VZN \u010d.1\/2020 o prev\u00e1dzkovan\u00ed pohrebiska a domu sm\u00fatku v obc\u00ed Valkovce<\/a><\/p>\n<p><a href=\"\/Inform\u00e1cie\/Miestne dane.pdf\" target=\"_blank\" rel=\"noopener noreferrer\">VZN \u010d.2\/2019 - Miestne dane<\/a><\/p>\n<p><a href=\"\/wp-content\/uploads\/2016\/06\/Dane-pozemky.docx\">VZN \u010d.1\/2012 - Da\u0148 z nehnute\u013enost\u00ed<\/a><\/p>\n<p><a href=\"\/wp-content\/uploads\/2016\/06\/N\u00e1vrh-VZN-vyvesen\u00fd-na-\u00faradnej-tabuli-v-obc\u00ed-Valkovce.docx\">VZN \u010d.2 - Miestna da\u0148 za psa<\/a><\/p>\n<p><a href=\"\/wp-content\/uploads\/2016\/06\/N\u00e1vrh-VZN-vyvesen\u00fd-na-\u00faradnej-tabuli-d\u01481.docx\">VZN \u010d.3 - O miestnom poplatku za komun\u00e1lne odpady a drobn\u00e9 stavebn\u00e9 odpady<\/a><\/p>\n<p><a href=\"\/wp-content\/uploads\/2016\/06\/Dodatok-\u010d.1.pdf\">Dodatok k VZN \u010d.3 -&nbsp;O miestnom poplatku za komun\u00e1lne odpady a drobn\u00e9 stavebn\u00e9 odpady<\/a><\/p>\n<p>&nbsp;<\/p>\n<p>&nbsp;<\/p>\n<\/div>\n<\/div><\/div><\/div><\/div><\/div>","protected":false},"excerpt":{"rendered":"<p>VZN \u010d.1\/2020 o prev\u00e1dzkovan\u00ed pohrebiska a domu sm\u00fatku v obc\u00ed Valkovce VZN \u010d.2\/2019 &#8211; Miestne dane VZN \u010d.1\/2012 &#8211; Da\u0148 z nehnute\u013enost\u00ed VZN \u010d.2 &#8211; Miestna da\u0148 za psa VZN \u010d.3 &#8211; O miestnom poplatku za komun\u00e1lne odpady a drobn\u00e9 stavebn\u00e9 odpady Dodatok k VZN \u010d.3 &#8211;&nbsp;O miestnom poplatku za komun\u00e1lne odpady a drobn\u00e9 stavebn\u00e9<\/p>\n<p><a href=\"https:\/\/valkovce.sk\/?page_id=44\" class=\"more-link themebutton\">Read More<\/a><\/p>\n","protected":false},"author":1,"featured_media":0,"parent":0,"menu_order":0,"comment_status":"closed","ping_status":"closed","template":"","meta":{"ngg_post_thumbnail":0,"footnotes":""},"class_list":["post-44","page","type-page","status-publish","hentry"],"_links":{"self":[{"href":"https:\/\/valkovce.sk\/index.php?rest_route=\/wp\/v2\/pages\/44","targetHints":{"allow":["GET"]}}],"collection":[{"href":"https:\/\/valkovce.sk\/index.php?rest_route=\/wp\/v2\/pages"}],"about":[{"href":"https:\/\/valkovce.sk\/index.php?rest_route=\/wp\/v2\/types\/page"}],"author":[{"embeddable":true,"href":"https:\/\/valkovce.sk\/index.php?rest_route=\/wp\/v2\/users\/1"}],"replies":[{"embeddable":true,"href":"https:\/\/valkovce.sk\/index.php?rest_route=%2Fwp%2Fv2%2Fcomments&post=44"}],"version-history":[{"count":6,"href":"https:\/\/valkovce.sk\/index.php?rest_route=\/wp\/v2\/pages\/44\/revisions"}],"predecessor-version":[{"id":598,"href":"https:\/\/valkovce.sk\/index.php?rest_route=\/wp\/v2\/pages\/44\/revisions\/598"}],"wp:attachment":[{"href":"https:\/\/valkovce.sk\/index.php?rest_route=%2Fwp%2Fv2%2Fmedia&parent=44"}],"curies":[{"name":"wp","href":"https:\/\/api.w.org\/{rel}","templated":true}]}}