{"id":38,"date":"2016-06-01T18:33:42","date_gmt":"2016-06-01T16:33:42","guid":{"rendered":"http:\/\/valkovce.sk\/?page_id=38"},"modified":"2022-12-01T19:29:24","modified_gmt":"2022-12-01T17:29:24","slug":"obecne-zastupitelstvo","status":"publish","type":"page","link":"https:\/\/valkovce.sk\/?page_id=38","title":{"rendered":"Obecn\u00e9 zastupite\u013estvo"},"content":{"rendered":"<div id=\"pl-38\"  class=\"panel-layout\" ><div id=\"pg-38-0\"  class=\"panel-grid panel-no-style\" ><div id=\"pgc-38-0-0\"  class=\"panel-grid-cell\" ><div id=\"panel-38-0-0-0\" class=\"so-panel widget widget_sow-editor panel-first-child panel-last-child\" data-index=\"0\" ><div\n\t\t\t\n\t\t\tclass=\"so-widget-sow-editor so-widget-sow-editor-base\"\n\t\t\t\n\t\t>\n<div class=\"siteorigin-widget-tinymce textwidget\">\n\t<h4><strong>Bok\u0161ansk\u00fd J\u00e1n<\/strong><\/h4>\n<h4><strong>Jur\u010d Martin<\/strong><\/h4>\n<h4><strong>Mager Jozef<\/strong><\/h4>\n<h4><strong>Parani\u010dov\u00e1 Dana<\/strong><\/h4>\n<h4><strong>Vadilov\u00e1 Darina<\/strong><\/h4>\n<\/div>\n<\/div><\/div><\/div><\/div><\/div>","protected":false},"excerpt":{"rendered":"<p>Bok\u0161ansk\u00fd J\u00e1n Jur\u010d Martin Mager Jozef Parani\u010dov\u00e1 Dana Vadilov\u00e1 Darina<\/p>\n","protected":false},"author":1,"featured_media":0,"parent":0,"menu_order":0,"comment_status":"closed","ping_status":"closed","template":"","meta":{"ngg_post_thumbnail":0,"footnotes":""},"class_list":["post-38","page","type-page","status-publish","hentry"],"_links":{"self":[{"href":"https:\/\/valkovce.sk\/index.php?rest_route=\/wp\/v2\/pages\/38","targetHints":{"allow":["GET"]}}],"collection":[{"href":"https:\/\/valkovce.sk\/index.php?rest_route=\/wp\/v2\/pages"}],"about":[{"href":"https:\/\/valkovce.sk\/index.php?rest_route=\/wp\/v2\/types\/page"}],"author":[{"embeddable":true,"href":"https:\/\/valkovce.sk\/index.php?rest_route=\/wp\/v2\/users\/1"}],"replies":[{"embeddable":true,"href":"https:\/\/valkovce.sk\/index.php?rest_route=%2Fwp%2Fv2%2Fcomments&post=38"}],"version-history":[{"count":8,"href":"https:\/\/valkovce.sk\/index.php?rest_route=\/wp\/v2\/pages\/38\/revisions"}],"predecessor-version":[{"id":592,"href":"https:\/\/valkovce.sk\/index.php?rest_route=\/wp\/v2\/pages\/38\/revisions\/592"}],"wp:attachment":[{"href":"https:\/\/valkovce.sk\/index.php?rest_route=%2Fwp%2Fv2%2Fmedia&parent=38"}],"curies":[{"name":"wp","href":"https:\/\/api.w.org\/{rel}","templated":true}]}}