{"id":28,"date":"2016-06-01T18:31:45","date_gmt":"2016-06-01T16:31:45","guid":{"rendered":"http:\/\/valkovce.sk\/?page_id=28"},"modified":"2016-06-01T20:34:23","modified_gmt":"2016-06-01T18:34:23","slug":"sport","status":"publish","type":"page","link":"https:\/\/valkovce.sk\/?page_id=28","title":{"rendered":"\u0160port"},"content":{"rendered":"<div id=\"pl-28\"  class=\"panel-layout\" ><div id=\"pg-28-0\"  class=\"panel-grid panel-no-style\" ><div id=\"pgc-28-0-0\"  class=\"panel-grid-cell\" ><div id=\"panel-28-0-0-0\" class=\"so-panel widget widget_sow-editor panel-first-child panel-last-child\" data-index=\"0\" ><div\n\t\t\t\n\t\t\tclass=\"so-widget-sow-editor so-widget-sow-editor-base\"\n\t\t\t\n\t\t>\n<div class=\"siteorigin-widget-tinymce textwidget\">\n\t<p style=\"text-align: justify;\"><span style=\"color: #000000;\"><strong>V roku 1991 sa konal<\/strong>\u00a01. ro\u010dn\u00edk \u0161portov\u00e9ho popoludnia. \u00da\u010das\u0165 det\u00ed, dospel\u00fdch aj star\u0161\u00edch ob\u010danov bola v\u00fdborn\u00e1. Ve\u010der sa v priestoroch kult\u00farneho domu konala z\u00e1bava. \u0160portov\u00e9 popoludnie si u\u017e z\u00edskalo trad\u00edciu a usporiad\u00e1va sa ka\u017ed\u00fd rok.\u00a0\u00a0<\/span><\/p>\n<p><span style=\"color: #000000;\"><strong>Ml\u00e1de\u017e obce s\u00fa\u0165a\u017e\u00ed v discipl\u00ednach<\/strong>: hod kriketovou lopti\u010dkou na dia\u013eku a cie\u013e, stre\u013eba zo vzduchovky, hod gran\u00e1tom na dia\u013eku a na cie\u013e a v r\u00f4znych in\u00fdch discipl\u00ednach. Na z\u00e1ver \u0161portov\u00e9ho podujatia s\u00fa v\u0161etci odmenen\u00ed sladk\u00fdmi odmenami.\u00a0\u00a0<\/span><\/p>\n<p><span style=\"color: #000000;\"><strong>\u0160portov\u00e9 popoludnie pokra\u010duje<\/strong>\u00a0u\u017e tradi\u010dn\u00fdmi futbalov\u00fdmi z\u00e1pasmi medzi mu\u017estvami Valkovce \u017eenat\u00ed, Valkovce slobodn\u00ed, \u0160tefurov a Okr\u00fahle.\u00a0\u00a0<\/span><\/p>\n<p><span style=\"color: #000000;\"><strong>Tieto \u0161portov\u00e9 popoludnia<\/strong>\u00a0si z\u00edskali medzi ob\u010danmi obce ob\u013eubu, m\u00f4\u017eu si pokojne odd\u00fdchnu\u0165 pri ob\u010derstven\u00ed, ktor\u00e9 obec pravidelne zabezpe\u010duje. Za obecn\u00fdm \u00faradom v roku 2000 sa za\u010dala v\u00fdstavba ihriska na volejbal a tenis.<\/span><\/p>\n<\/div>\n<\/div><\/div><\/div><\/div><\/div>","protected":false},"excerpt":{"rendered":"<p>V roku 1991 sa konal\u00a01. ro\u010dn\u00edk \u0161portov\u00e9ho popoludnia. \u00da\u010das\u0165 det\u00ed, dospel\u00fdch aj star\u0161\u00edch ob\u010danov bola v\u00fdborn\u00e1. Ve\u010der sa v priestoroch kult\u00farneho domu konala z\u00e1bava. \u0160portov\u00e9 popoludnie si u\u017e z\u00edskalo trad\u00edciu a usporiad\u00e1va sa ka\u017ed\u00fd rok.\u00a0\u00a0Ml\u00e1de\u017e obce s\u00fa\u0165a\u017e\u00ed v discipl\u00ednach: hod kriketovou lopti\u010dkou na dia\u013eku a cie\u013e, stre\u013eba zo vzduchovky, hod gran\u00e1tom na dia\u013eku a na<\/p>\n<p><a href=\"https:\/\/valkovce.sk\/?page_id=28\" class=\"more-link themebutton\">Read More<\/a><\/p>\n","protected":false},"author":1,"featured_media":0,"parent":0,"menu_order":0,"comment_status":"closed","ping_status":"closed","template":"","meta":{"ngg_post_thumbnail":0,"footnotes":""},"class_list":["post-28","page","type-page","status-publish","hentry"],"_links":{"self":[{"href":"https:\/\/valkovce.sk\/index.php?rest_route=\/wp\/v2\/pages\/28","targetHints":{"allow":["GET"]}}],"collection":[{"href":"https:\/\/valkovce.sk\/index.php?rest_route=\/wp\/v2\/pages"}],"about":[{"href":"https:\/\/valkovce.sk\/index.php?rest_route=\/wp\/v2\/types\/page"}],"author":[{"embeddable":true,"href":"https:\/\/valkovce.sk\/index.php?rest_route=\/wp\/v2\/users\/1"}],"replies":[{"embeddable":true,"href":"https:\/\/valkovce.sk\/index.php?rest_route=%2Fwp%2Fv2%2Fcomments&post=28"}],"version-history":[{"count":1,"href":"https:\/\/valkovce.sk\/index.php?rest_route=\/wp\/v2\/pages\/28\/revisions"}],"predecessor-version":[{"id":29,"href":"https:\/\/valkovce.sk\/index.php?rest_route=\/wp\/v2\/pages\/28\/revisions\/29"}],"wp:attachment":[{"href":"https:\/\/valkovce.sk\/index.php?rest_route=%2Fwp%2Fv2%2Fmedia&parent=28"}],"curies":[{"name":"wp","href":"https:\/\/api.w.org\/{rel}","templated":true}]}}