{"id":26,"date":"2016-06-01T18:31:30","date_gmt":"2016-06-01T16:31:30","guid":{"rendered":"http:\/\/valkovce.sk\/?page_id=26"},"modified":"2024-02-05T18:21:48","modified_gmt":"2024-02-05T16:21:48","slug":"uradna-tabula-obce","status":"publish","type":"page","link":"https:\/\/valkovce.sk\/?page_id=26","title":{"rendered":"\u00daradn\u00e1 tabu\u013ea obce"},"content":{"rendered":"<div id=\"pl-26\"  class=\"panel-layout\" ><div id=\"pg-26-0\"  class=\"panel-grid panel-no-style\" ><div id=\"pgc-26-0-0\"  class=\"panel-grid-cell\" ><div id=\"panel-26-0-0-0\" class=\"so-panel widget widget_sow-editor panel-first-child panel-last-child\" data-index=\"0\" ><div\n\t\t\t\n\t\t\tclass=\"so-widget-sow-editor so-widget-sow-editor-base\"\n\t\t\t\n\t\t>\n<div class=\"siteorigin-widget-tinymce textwidget\">\n\t<p><a href=\"https:\/\/valkovce.sk\/Uradna%20tabula%20obce\/2021\/Rozpocet%20obce-2022.pdf?_t=1637683625\" target=\"_blank\" rel=\"noopener\">Rozpo\u010det obce-2022<\/a><\/p>\n<p><a href=\"https:\/\/valkovce.sk\/wp-content\/uploads\/2021\/10\/Vyhlasenie-volby-HK-2.docx\" target=\"_blank\" rel=\"noopener\">Vyhl\u00e1senie vo\u013eby HK<\/a><\/p>\n<p><a href=\"\/aktuality\/Pozemkov\u00e9 \u00fapravy Valkovce.pdf\" target=\"_blank\" rel=\"noopener\">Pozemkov\u00e9 \u00fapravy Va\u013ekovce<\/a><\/p>\n<p><a href=\"\/aktuality\/PHRSR Valkovce.pdf\" target=\"_blank\" rel=\"noopener\">PHRSR Valkovce<\/a><\/p>\n<p><a href=\"\/zmluvy\/V\u00fdzva na predl\u017eenie ponuky, Valkovce VO KD\/3.0_V\u00fdzv. na predl. ponuky, Valkovce VO KD.pdf\" target=\"_blank\" rel=\"noopener noreferrer\">V\u00fdzva na predl\u017eenie ponuky, Valkovce VO KD<\/a><\/p>\n<ul>\n<li><a href=\"\/zmluvy\/V\u00fdzva na predl\u017eenie ponuky, Valkovce VO KD\/3.1.1_pr\u00edloha \u010d.1 V\u00fdzvy - ZoD, Valkovce VO KD.pdf\" target=\"_blank\" rel=\"noopener noreferrer\">pr\u00edloha \u010d.1<\/a><\/li>\n<li><a href=\"\/zmluvy\/V\u00fdzva na predl\u017eenie ponuky, Valkovce VO KD\/3.1.2_pr\u00edloha \u010d.2 V\u00fdzvy - V\u00fdkaz v\u00fdmer - Rozpo\u010det na ocenenie, Valkovce VO KD.pdf\" target=\"_blank\" rel=\"noopener noreferrer\">pr\u00edloha \u010d.2<\/a><\/li>\n<li><a href=\"\/zmluvy\/V\u00fdzva na predl\u017eenie ponuky, Valkovce VO KD\/3.1.3_pr\u00edloha \u010d.3 V\u00fdzvy - Kryc\u00ed list ponuky - vzor, Valkovce VO KD.pdf\" target=\"_blank\" rel=\"noopener noreferrer\">pr\u00edloha \u010d.3<\/a><\/li>\n<li><a href=\"\/zmluvy\/V\u00fdzva na predl\u017eenie ponuky, Valkovce VO KD\/3.1.4_pr\u00edloha \u010d.4 V\u00fdzvy - \u010cestn\u00e9 vyhl\u00e1senie - vzor, Valkovce VO KD.pdf\" target=\"_blank\" rel=\"noopener noreferrer\">pr\u00edloha \u010d.4<\/a><\/li>\n<li><a href=\"\/zmluvy\/V\u00fdzva na predl\u017eenie ponuky, Valkovce VO KD\/3.1.5_pr\u00edloha \u010d.5 V\u00fdzvy - PD.zip\" target=\"_blank\" rel=\"noopener noreferrer\">pr\u00edloha \u010d.5<\/a><\/li>\n<\/ul>\n<p>&nbsp;<\/p>\n<\/div>\n<\/div><\/div><\/div><\/div><div id=\"pg-26-1\"  class=\"panel-grid panel-no-style\" ><div id=\"pgc-26-1-0\"  class=\"panel-grid-cell\" ><div id=\"panel-26-1-0-0\" class=\"widget_text so-panel widget widget_custom_html panel-first-child panel-last-child\" data-index=\"1\" ><div class=\"textwidget custom-html-widget\"><!DOCTYPE HTML PUBLIC \"-\/\/W3C\/\/DTD HTML 3.2 Final\/\/EN\">\n<!-- Created from PDF via Acrobat SaveAsXML -->\n<!-- Mapping table version: 28-February-2003 -->\n<HTML>\n<HEAD>\n<META\n name=\"dc.creator\"\n content=\"MV SR\" >\n<META\n name=\"dc.description\"\n content=\"WEB - Vo&#318;by prezidenta SR 2024\" >\n<META\n name=\"dc.title\"\n content=\"Inform&aacute;cia o podmienkach pr&aacute;va voli&#357; a pr&aacute;va by&#357; volen&yacute; - v slovenskom jazyku (A4)\" >\n<META\n name=\"dc.date\"\n content=\"2024-01-05T11:41:21+01:00\" >\n<META\n name=\"dc.date.modified\"\n content=\"2024-01-05T11:41:21+01:00\" >\n<META\n name=\"generator\"\n content=\"Adobe Acrobat Exchange-Pro 8.258\" >\n<\/HEAD>\n<BODY bgcolor=white text=black link=blue vlink=purple alink=fushia >\n<DIV class=\"Part\" \n\n><P \n\n><FONT size=\"+1\" color=\"#000000\"><B>Vo&#318;by prezidenta Slovenskej republiky <\/P\n><P \n\n><FONT size=\"+1\">Inform&aacute;cie pre voli&#269;a<\/B> <\/P\n><P \n\n><FONT size=\"+1\">I <\/P\n><P \n\n>D&aacute;tum a &#269;as konania volieb <\/P\n><P \n\n>Vo&#318;by prezidenta Slovenskej republiky sa konaj&uacute; <\/P\n><P \n\n><B>v sobotu  23. 3. 2024  od 7:00 do 22:00 h. <\/P\n><P \n\n><\/B>Ak v prvom kole volieb ani jeden z kandid&aacute;tov na prezidenta Slovenskej republiky nez&iacute;ska nadpolovi&#269;n&uacute; v&auml;&#269;&scaron;inu platn&yacute;ch hlasov voli&#269;ov, <I>bude sa druh&eacute; kolo volieb kona&#357;<\/I> <\/P\n><P \n\n><B><I>v<\/I><I> <\/I><I>sobotu <\/I><I> <\/I><I>6<\/I><I>. <\/I><I>4<\/I><I>.<\/I><I> <\/I><I>2024<\/I><I> <\/I><I> <\/I><I>od 7:00 do 22:00 h<\/I><\/B>. <\/P\n><P \n\n>II <\/P\n><P \n\n>Pr&aacute;vo voli&#357; <\/P\n><P \n\n>Pr&aacute;vo voli&#357; prezidenta Slovenskej republiky m&aacute; ob&#269;an Slovenskej republiky, ktor&yacute; m&aacute; pr&aacute;vo voli&#357; do N&aacute;rodnej rady Slovenskej republiky, t.j. ob&#269;an Slovenskej republiky, ktor&yacute; najnesk&ocirc;r v de&#328; konania volieb dov&#341;&scaron;i 18 rokov veku. <\/P\n><P \n\n>Prek&aacute;&#382;kou pr&aacute;va voli&#357; je z&aacute;konom ustanoven&eacute; obmedzenie osobnej slobody z d&ocirc;vodu ochrany verejn&eacute;ho zdravia, ak osobitn&yacute; z&aacute;kon v &#269;ase pand&eacute;mie neustanov&iacute; inak. <\/P\n><P \n\n>III <\/P\n><P \n\n>Pr&aacute;vo by&#357; volen&yacute; <\/P\n><P \n\n>Za prezidenta Slovenskej republiky m&ocirc;&#382;e by&#357; zvolen&yacute; ob&#269;an Slovenskej republiky, ktor&yacute; je volite&#318;n&yacute; za poslanca N&aacute;rodnej rady Slovenskej republiky a v de&#328; volieb dov&#341;&scaron;il vek 40 rokov. <\/P\n><P \n\n>Prek&aacute;&#382;kou pr&aacute;va by&#357; volen&yacute; je <\/P\n><P \n\n>&#61599; v&yacute;kon trestu od&#328;atia slobody, <\/P\n><P \n\n>&#61599; pr&aacute;voplatn&eacute; ods&uacute;denie za &uacute;myseln&yacute; trestn&yacute; &#269;in, ak ods&uacute;denie nebolo zahladen&eacute;, <\/P\n><P \n\n>&#61599; pozbavenie sp&ocirc;sobilosti na pr&aacute;vne &uacute;kony. <\/P\n><P \n\n>*** <\/P\n><P \n\n>&#270;al&scaron;ie inform&aacute;cie k vo&#318;b&aacute;m prezidenta Slovenskej republiky s&uacute; uverejnen&eacute; na webovej str&aacute;nke <\/P\n><P \n\n><FONT size=\"+1\">www.minv.sk\/?volby-prezidentsr <\/P\n><\/DIV\n><\/BODY>\n<\/HTML>\n<\/div><\/div><\/div><\/div><div id=\"pg-26-2\"  class=\"panel-grid panel-no-style\" ><div id=\"pgc-26-2-0\"  class=\"panel-grid-cell\" ><div id=\"panel-26-2-0-0\" class=\"widget_text so-panel widget widget_custom_html panel-first-child panel-last-child\" data-index=\"2\" ><div class=\"textwidget custom-html-widget\"><!DOCTYPE HTML PUBLIC \"-\/\/W3C\/\/DTD HTML 3.2 Final\/\/EN\">\n<!-- Created from PDF via Acrobat SaveAsXML -->\n<!-- Mapping table version: 28-February-2003 -->\n<HTML>\n<HEAD>\n<META\n name=\"dc.creator\"\n content=\"Uzivatel\" >\n<META\n name=\"dc.date\"\n content=\"2024-02-05T16:17:49+01:00\" >\n<META\n name=\"dc.date.modified\"\n content=\"2024-02-05T16:17:49+01:00\" >\n<META\n name=\"generator\"\n content=\"Adobe Acrobat Exchange-Pro 8.258\" >\n<\/HEAD>\n<BODY bgcolor=white text=black link=blue vlink=purple alink=fushia >\n<DIV class=\"Sect\" \n\n><H1 \n\n><FONT size=\"+2\" color=\"#014581\"><B>Oznam <\/H1\n><P \n\n><FONT size=\"+1\" color=\"#0064B3\"><\/B><I>v<\/I><I> <\/I><I>s&uacute;vislosti s rozhodnut&iacute;m<\/I><I> <\/I>&#269;. 1\/2024 z. z. <I> <\/I><I>predsedu n&aacute;rodnej rady slovenskej <\/I><I>republiky o vyhl&aacute;sen&iacute; volieb prezidenta slovenskej republiky, ktor&eacute; sa bud&uacute; kona&#357; v <\/I><I>sobotu<\/I><I> <\/I>23. marca 2024<I> <\/I><I>od 07.00 h do 22.00 h<\/I><I> <\/I><I> <\/I><I>  <\/I>a term&iacute;n pr&iacute;padn&eacute;ho druh&eacute;ho kola volieb na sobotu 6. apr&iacute;la 2024 oznamujeme &#382;e: <FONT color=\"#7A7A7A\"> <\/P\n><P \n\n> <B>Volebn&yacute; obvod: <\/B>V obci Valkovce je volebn&yacute; obvod: 1 <B>Volebn&aacute; miestnos&#357;:<\/B> Kult&uacute;rny dom Valkovce <\/P\n><P \n\n><B>Zapisovate&#318;ka miestnej volebnej komisie:<\/B> <\/P\n><P \n\n>Starosta obce Valkovce vymenoval za zapisovate&#318;a miestnej volebnej komisie: <B>Meno, priezvisko, titul: Jaroslav Vasi&#269;ko Ing. Tel. &#269;.: 054\/7591137                       e-mail: starosta@valkovce.sk<\/B>  E - mailov&aacute; adresa na doru&#269;enie ozn&aacute;menia o delegovan&iacute; &#269;lena a n&aacute;hradn&iacute;ka do miestnej volebnej komisie a okrskovej volebnej komisie je: <B>starosta@valkovce.sk. <\/P\n><P \n\n><\/B>E - mailov&aacute; adresa na doru&#269;enie &#382;iadosti o vydanie hlasovacieho preukazu je: <B>starosta@valkovce.sk alebo osobne &#269;i po&scaron;tou na: Obecn&yacute; &uacute;rad Valkovce, Valkovce 62, 090 42  Okr&uacute;hle. <\/B> <\/P\n><P \n\n> Vo Valkovciach d&#328;a 22.01.2024 <\/P\n><P \n\n>Jaroslav Vasi&#269;ko    starosta obce <\/P\n><\/DIV\n><\/BODY>\n<\/HTML>\n<\/div><\/div><\/div><\/div><\/div>","protected":false},"excerpt":{"rendered":"<p>Rozpo\u010det obce-2022 Vyhl\u00e1senie vo\u013eby HK Pozemkov\u00e9 \u00fapravy Va\u013ekovce PHRSR Valkovce V\u00fdzva na predl\u017eenie ponuky, Valkovce VO KD pr\u00edloha \u010d.1 pr\u00edloha \u010d.2 pr\u00edloha \u010d.3 pr\u00edloha \u010d.4 pr\u00edloha \u010d.5 &nbsp;<\/p>\n","protected":false},"author":1,"featured_media":0,"parent":0,"menu_order":0,"comment_status":"closed","ping_status":"closed","template":"","meta":{"ngg_post_thumbnail":0,"footnotes":""},"class_list":["post-26","page","type-page","status-publish","hentry"],"_links":{"self":[{"href":"https:\/\/valkovce.sk\/index.php?rest_route=\/wp\/v2\/pages\/26","targetHints":{"allow":["GET"]}}],"collection":[{"href":"https:\/\/valkovce.sk\/index.php?rest_route=\/wp\/v2\/pages"}],"about":[{"href":"https:\/\/valkovce.sk\/index.php?rest_route=\/wp\/v2\/types\/page"}],"author":[{"embeddable":true,"href":"https:\/\/valkovce.sk\/index.php?rest_route=\/wp\/v2\/users\/1"}],"replies":[{"embeddable":true,"href":"https:\/\/valkovce.sk\/index.php?rest_route=%2Fwp%2Fv2%2Fcomments&post=26"}],"version-history":[{"count":3,"href":"https:\/\/valkovce.sk\/index.php?rest_route=\/wp\/v2\/pages\/26\/revisions"}],"predecessor-version":[{"id":679,"href":"https:\/\/valkovce.sk\/index.php?rest_route=\/wp\/v2\/pages\/26\/revisions\/679"}],"wp:attachment":[{"href":"https:\/\/valkovce.sk\/index.php?rest_route=%2Fwp%2Fv2%2Fmedia&parent=26"}],"curies":[{"name":"wp","href":"https:\/\/api.w.org\/{rel}","templated":true}]}}